{"id":11,"date":"2022-06-21T19:44:08","date_gmt":"2022-06-21T23:44:08","guid":{"rendered":"https:\/\/esperanzavalparaiso.cl\/web\/?page_id=11"},"modified":"2022-08-03T23:15:47","modified_gmt":"2022-08-04T03:15:47","slug":"home-2","status":"publish","type":"page","link":"https:\/\/esperanzavalparaiso.cl\/web\/","title":{"rendered":"Home"},"content":{"rendered":"\t\t<div id=\"twabc_704\" class=\"carousel slide carousel-fade \"  data-interval=\"5000\">\r\n\t\t\t\r\n\t\t\t\r\n\t\t\t<div class=\"carousel-inner\">\r\n\t\t\t\r\n\t\t\t\t<div class=\"item active\" id=\"twabc-item-36\">\r\n\t\t\t\t\t<img decoding=\"async\" src=\"https:\/\/esperanzavalparaiso.cl\/web\/wp-content\/uploads\/2022\/06\/slide-home-01.jpg\" alt=\"Slider Home\" \/>\t\t\t\t<\/div>\r\n\t\t\t\t\t\t<\/div>\r\n\r\n\t\t\t\r\n\t\t<\/div>\r\n\r\n        \t\t<script type=\"text\/javascript\">\r\n\t\t\tjQuery(document).ready(function() {\r\n\t\t\t\tjQuery('#twabc_704').carousel({\r\n\t\t\t\t\tinterval: 5000\t\t\t\t});\r\n\t\t\t});\r\n\t\t<\/script>\r\n        \n\n\n\n<figure class=\"wp-block-pullquote\"><blockquote><p>Ubicado en el cerro Esperanza, el Colegio Esperanza de Valpara\u00edso se caracteriza por su excelencia y calidad, formando estudiantes \u00edntegros, capaces de desarrollar sus habilidades tanto cognitivas como emocionales, sociales y \u00e9ticas logrando aprendizajes transversales para su vida. Proporcionando una educaci\u00f3n inclusiva para todos, independiente de su origen, sus condiciones personales, sociales o culturales, contando con un Proyecto de Integraci\u00f3n Escolar (PIE) para aquellos que presentan cualquier problema de aprendizaje o discapacidad f\u00edsica. Se busca que los alumnos y alumnas logren el m\u00e1ximo desarrollo de sus propios talentos e intereses en el campo de lo intelectual-cognitivo para desarrollarse como personas y miembros activos de la sociedad, siendo protagonistas de su propio aprendizaje, por lo que el colegio cree en el potencial de cada estudiante.<\/p><\/blockquote><\/figure>\n","protected":false},"excerpt":{"rendered":"<p>Ubicado en el cerro Esperanza, el Colegio Esperanza de Valpara\u00edso se caracteriza por su excelencia y calidad, formando estudiantes \u00edntegros, capaces de desarrollar sus habilidades tanto cognitivas como emocionales, sociales y \u00e9ticas logrando aprendizajes transversales para su vida. Proporcionando una educaci\u00f3n inclusiva para todos, independiente de su origen, sus condiciones personales, sociales o culturales, contando [&hellip;]<\/p>\n","protected":false},"author":1,"featured_media":0,"parent":0,"menu_order":0,"comment_status":"closed","ping_status":"closed","template":"page-home.php","meta":{"ngg_post_thumbnail":0,"footnotes":""},"class_list":["post-11","page","type-page","status-publish","hentry"],"yoast_head":"<!-- This site is optimized with the Yoast SEO plugin v27.4 - https:\/\/yoast.com\/product\/yoast-seo-wordpress\/ -->\n<title>Home - Colegio Esperanza, Valpara\u00edso<\/title>\n<meta name=\"robots\" content=\"index, follow, max-snippet:-1, max-image-preview:large, max-video-preview:-1\" \/>\n<link rel=\"canonical\" href=\"https:\/\/esperanzavalparaiso.cl\/web\/\" \/>\n<meta property=\"og:locale\" content=\"es_ES\" \/>\n<meta property=\"og:type\" content=\"article\" \/>\n<meta property=\"og:title\" content=\"Home - Colegio Esperanza, Valpara\u00edso\" \/>\n<meta property=\"og:description\" content=\"Ubicado en el cerro Esperanza, el Colegio Esperanza de Valpara\u00edso se caracteriza por su excelencia y calidad, formando estudiantes \u00edntegros, capaces de desarrollar sus habilidades tanto cognitivas como emocionales, sociales y \u00e9ticas logrando aprendizajes transversales para su vida. Proporcionando una educaci\u00f3n inclusiva para todos, independiente de su origen, sus condiciones personales, sociales o culturales, contando [&hellip;]\" \/>\n<meta property=\"og:url\" content=\"https:\/\/esperanzavalparaiso.cl\/web\/\" \/>\n<meta property=\"og:site_name\" content=\"Colegio Esperanza, Valpara\u00edso\" \/>\n<meta property=\"article:modified_time\" content=\"2022-08-04T03:15:47+00:00\" \/>\n<meta name=\"twitter:card\" content=\"summary_large_image\" \/>\n<meta name=\"twitter:label1\" content=\"Tiempo de lectura\" \/>\n\t<meta name=\"twitter:data1\" content=\"1 minuto\" \/>\n<script type=\"application\/ld+json\" class=\"yoast-schema-graph\">{\"@context\":\"https:\\\/\\\/schema.org\",\"@graph\":[{\"@type\":\"WebPage\",\"@id\":\"https:\\\/\\\/esperanzavalparaiso.cl\\\/web\\\/\",\"url\":\"https:\\\/\\\/esperanzavalparaiso.cl\\\/web\\\/\",\"name\":\"Home - Colegio Esperanza, Valpara\u00edso\",\"isPartOf\":{\"@id\":\"https:\\\/\\\/esperanzavalparaiso.cl\\\/web\\\/#website\"},\"datePublished\":\"2022-06-21T23:44:08+00:00\",\"dateModified\":\"2022-08-04T03:15:47+00:00\",\"breadcrumb\":{\"@id\":\"https:\\\/\\\/esperanzavalparaiso.cl\\\/web\\\/#breadcrumb\"},\"inLanguage\":\"es\",\"potentialAction\":[{\"@type\":\"ReadAction\",\"target\":[\"https:\\\/\\\/esperanzavalparaiso.cl\\\/web\\\/\"]}]},{\"@type\":\"BreadcrumbList\",\"@id\":\"https:\\\/\\\/esperanzavalparaiso.cl\\\/web\\\/#breadcrumb\",\"itemListElement\":[{\"@type\":\"ListItem\",\"position\":1,\"name\":\"Portada\",\"item\":\"https:\\\/\\\/esperanzavalparaiso.cl\\\/web\\\/\"},{\"@type\":\"ListItem\",\"position\":2,\"name\":\"Home\"}]},{\"@type\":\"WebSite\",\"@id\":\"https:\\\/\\\/esperanzavalparaiso.cl\\\/web\\\/#website\",\"url\":\"https:\\\/\\\/esperanzavalparaiso.cl\\\/web\\\/\",\"name\":\"Colegio Esperanza, Valpara\u00edso\",\"description\":\"Cerro Esperanza, valpara\u00edso. Calidad, excelencia, PIE\",\"publisher\":{\"@id\":\"https:\\\/\\\/esperanzavalparaiso.cl\\\/web\\\/#organization\"},\"potentialAction\":[{\"@type\":\"SearchAction\",\"target\":{\"@type\":\"EntryPoint\",\"urlTemplate\":\"https:\\\/\\\/esperanzavalparaiso.cl\\\/web\\\/?s={search_term_string}\"},\"query-input\":{\"@type\":\"PropertyValueSpecification\",\"valueRequired\":true,\"valueName\":\"search_term_string\"}}],\"inLanguage\":\"es\"},{\"@type\":\"Organization\",\"@id\":\"https:\\\/\\\/esperanzavalparaiso.cl\\\/web\\\/#organization\",\"name\":\"Colegio Esperanza, Valpara\u00edso\",\"url\":\"https:\\\/\\\/esperanzavalparaiso.cl\\\/web\\\/\",\"logo\":{\"@type\":\"ImageObject\",\"inLanguage\":\"es\",\"@id\":\"https:\\\/\\\/esperanzavalparaiso.cl\\\/web\\\/#\\\/schema\\\/logo\\\/image\\\/\",\"url\":\"https:\\\/\\\/esperanzavalparaiso.cl\\\/web\\\/wp-content\\\/uploads\\\/2022\\\/06\\\/colegio-esperanza-valparaiso-insignia-100x120-1.png\",\"contentUrl\":\"https:\\\/\\\/esperanzavalparaiso.cl\\\/web\\\/wp-content\\\/uploads\\\/2022\\\/06\\\/colegio-esperanza-valparaiso-insignia-100x120-1.png\",\"width\":100,\"height\":120,\"caption\":\"Colegio Esperanza, Valpara\u00edso\"},\"image\":{\"@id\":\"https:\\\/\\\/esperanzavalparaiso.cl\\\/web\\\/#\\\/schema\\\/logo\\\/image\\\/\"}}]}<\/script>\n<!-- \/ Yoast SEO plugin. -->","yoast_head_json":{"title":"Home - Colegio Esperanza, Valpara\u00edso","robots":{"index":"index","follow":"follow","max-snippet":"max-snippet:-1","max-image-preview":"max-image-preview:large","max-video-preview":"max-video-preview:-1"},"canonical":"https:\/\/esperanzavalparaiso.cl\/web\/","og_locale":"es_ES","og_type":"article","og_title":"Home - Colegio Esperanza, Valpara\u00edso","og_description":"Ubicado en el cerro Esperanza, el Colegio Esperanza de Valpara\u00edso se caracteriza por su excelencia y calidad, formando estudiantes \u00edntegros, capaces de desarrollar sus habilidades tanto cognitivas como emocionales, sociales y \u00e9ticas logrando aprendizajes transversales para su vida. Proporcionando una educaci\u00f3n inclusiva para todos, independiente de su origen, sus condiciones personales, sociales o culturales, contando [&hellip;]","og_url":"https:\/\/esperanzavalparaiso.cl\/web\/","og_site_name":"Colegio Esperanza, Valpara\u00edso","article_modified_time":"2022-08-04T03:15:47+00:00","twitter_card":"summary_large_image","twitter_misc":{"Tiempo de lectura":"1 minuto"},"schema":{"@context":"https:\/\/schema.org","@graph":[{"@type":"WebPage","@id":"https:\/\/esperanzavalparaiso.cl\/web\/","url":"https:\/\/esperanzavalparaiso.cl\/web\/","name":"Home - Colegio Esperanza, Valpara\u00edso","isPartOf":{"@id":"https:\/\/esperanzavalparaiso.cl\/web\/#website"},"datePublished":"2022-06-21T23:44:08+00:00","dateModified":"2022-08-04T03:15:47+00:00","breadcrumb":{"@id":"https:\/\/esperanzavalparaiso.cl\/web\/#breadcrumb"},"inLanguage":"es","potentialAction":[{"@type":"ReadAction","target":["https:\/\/esperanzavalparaiso.cl\/web\/"]}]},{"@type":"BreadcrumbList","@id":"https:\/\/esperanzavalparaiso.cl\/web\/#breadcrumb","itemListElement":[{"@type":"ListItem","position":1,"name":"Portada","item":"https:\/\/esperanzavalparaiso.cl\/web\/"},{"@type":"ListItem","position":2,"name":"Home"}]},{"@type":"WebSite","@id":"https:\/\/esperanzavalparaiso.cl\/web\/#website","url":"https:\/\/esperanzavalparaiso.cl\/web\/","name":"Colegio Esperanza, Valpara\u00edso","description":"Cerro Esperanza, valpara\u00edso. Calidad, excelencia, PIE","publisher":{"@id":"https:\/\/esperanzavalparaiso.cl\/web\/#organization"},"potentialAction":[{"@type":"SearchAction","target":{"@type":"EntryPoint","urlTemplate":"https:\/\/esperanzavalparaiso.cl\/web\/?s={search_term_string}"},"query-input":{"@type":"PropertyValueSpecification","valueRequired":true,"valueName":"search_term_string"}}],"inLanguage":"es"},{"@type":"Organization","@id":"https:\/\/esperanzavalparaiso.cl\/web\/#organization","name":"Colegio Esperanza, Valpara\u00edso","url":"https:\/\/esperanzavalparaiso.cl\/web\/","logo":{"@type":"ImageObject","inLanguage":"es","@id":"https:\/\/esperanzavalparaiso.cl\/web\/#\/schema\/logo\/image\/","url":"https:\/\/esperanzavalparaiso.cl\/web\/wp-content\/uploads\/2022\/06\/colegio-esperanza-valparaiso-insignia-100x120-1.png","contentUrl":"https:\/\/esperanzavalparaiso.cl\/web\/wp-content\/uploads\/2022\/06\/colegio-esperanza-valparaiso-insignia-100x120-1.png","width":100,"height":120,"caption":"Colegio Esperanza, Valpara\u00edso"},"image":{"@id":"https:\/\/esperanzavalparaiso.cl\/web\/#\/schema\/logo\/image\/"}}]}},"_links":{"self":[{"href":"https:\/\/esperanzavalparaiso.cl\/web\/wp-json\/wp\/v2\/pages\/11","targetHints":{"allow":["GET"]}}],"collection":[{"href":"https:\/\/esperanzavalparaiso.cl\/web\/wp-json\/wp\/v2\/pages"}],"about":[{"href":"https:\/\/esperanzavalparaiso.cl\/web\/wp-json\/wp\/v2\/types\/page"}],"author":[{"embeddable":true,"href":"https:\/\/esperanzavalparaiso.cl\/web\/wp-json\/wp\/v2\/users\/1"}],"replies":[{"embeddable":true,"href":"https:\/\/esperanzavalparaiso.cl\/web\/wp-json\/wp\/v2\/comments?post=11"}],"version-history":[{"count":3,"href":"https:\/\/esperanzavalparaiso.cl\/web\/wp-json\/wp\/v2\/pages\/11\/revisions"}],"predecessor-version":[{"id":87,"href":"https:\/\/esperanzavalparaiso.cl\/web\/wp-json\/wp\/v2\/pages\/11\/revisions\/87"}],"wp:attachment":[{"href":"https:\/\/esperanzavalparaiso.cl\/web\/wp-json\/wp\/v2\/media?parent=11"}],"curies":[{"name":"wp","href":"https:\/\/api.w.org\/{rel}","templated":true}]}}