{"id":29,"date":"2022-06-21T20:30:09","date_gmt":"2022-06-22T00:30:09","guid":{"rendered":"https:\/\/esperanzavalparaiso.cl\/web\/?page_id=29"},"modified":"2022-08-08T03:26:12","modified_gmt":"2022-08-08T07:26:12","slug":"historia","status":"publish","type":"page","link":"https:\/\/esperanzavalparaiso.cl\/web\/historia\/","title":{"rendered":"Historia"},"content":{"rendered":"<p>La instituci\u00f3n nace en 1954, como Escuela 89, ocupando una casa particular y un peque\u00f1o patio, contando con ese entonces con tan solo 6 profesores en aula. Desde su fundaci\u00f3n por Decreto Supremo N\u00b08318\/54, ha sido dirigida por Do\u00f1a Laura<br \/>\nRobles Henr\u00edquez, quien fue su primera directora.<\/p>\n<p>Al fallecer asume la direcci\u00f3n de la escuela el Se\u00f1or Ignacio Mella Robles, de profesi\u00f3n abogado, hijo de la fundadora, quien hace abandono de su profesi\u00f3n de abogado y decide dedicarse a una labor social, educando a los ni\u00f1os y ni\u00f1as de escasos recursos en la peque\u00f1a escuela que su madre cre\u00f3. En 1988 sufre un accidente vascular, lo que le impide seguir ejerciendo su ardua labor en el \u00e1mbito educacional.<\/p>\n<p>A partir del a\u00f1o 1988, la Escuela 89, pasa a ser Colegio Esperanza, que goza de un prestigio dentro de la comunidad, siendo formador de generaciones familiares en su gran mayor\u00eda. Posteriormente asume como Sostenedora la se\u00f1ora Patricia Rozas Araya y como directora do\u00f1a Carla Real Arenas, quien permaneci\u00f3 en el cargo por un periodo de cuatro a\u00f1os. En 1990 asume como nueva directora del Establecimiento la Se\u00f1ora Edith Viches Rojas, profesora, quien realizaba clases de Ingl\u00e9s a los alumnos de primer a\u00f1o a octavo b\u00e1sico, cumpliendo una gran labor durante 20 a\u00f1os, formando generaciones de alumnos \u00fatiles a esta sociedad y en el a\u00f1o 2009 jubila regresando a su ciudad natal.<\/p>\n<p>En Marzo del 2010, asume la Direcci\u00f3n del establecimiento do\u00f1a Alejandra Vega Gonz\u00e1lez, quien desde el a\u00f1o 2003 se desempe\u00f1\u00f3 como Educadora de P\u00e1rvulos en nuestro colegio y posteriormente en el a\u00f1o 2007 recibe su t\u00edtulo de Profesora de Educaci\u00f3n General B\u00e1sica, logrando ejercer ambas profesiones en nuestra instituci\u00f3n. Do\u00f1a Alejandra Vega Gonz\u00e1lez inici\u00f3 un periodo de reorganizaci\u00f3n del colegio, estableci\u00e9ndose un proceso de mejoramiento extraordinario en todos los \u00e1mbitos del quehacer educativo. Actualmente, cuenta con todos los estudios, competencias y habilidades para dirigir un establecimiento educacional, acorde a las exigencias, que requieren las nuevas generaciones y la sociedad<br \/>\nactual.<\/p>\n","protected":false},"excerpt":{"rendered":"<p>La instituci\u00f3n nace en 1954, como Escuela 89, ocupando una casa particular y un peque\u00f1o patio, contando con ese entonces con tan solo 6 profesores en aula. Desde su fundaci\u00f3n por Decreto Supremo N\u00b08318\/54, ha sido dirigida por Do\u00f1a Laura Robles Henr\u00edquez, quien fue su primera directora. Al fallecer asume la direcci\u00f3n de la escuela [&hellip;]<\/p>\n","protected":false},"author":1,"featured_media":0,"parent":0,"menu_order":0,"comment_status":"closed","ping_status":"closed","template":"","meta":{"ngg_post_thumbnail":0,"footnotes":""},"class_list":["post-29","page","type-page","status-publish","hentry"],"yoast_head":"<!-- This site is optimized with the Yoast SEO plugin v27.4 - https:\/\/yoast.com\/product\/yoast-seo-wordpress\/ -->\n<title>Historia - Colegio Esperanza, Valpara\u00edso<\/title>\n<meta name=\"robots\" content=\"index, follow, max-snippet:-1, max-image-preview:large, max-video-preview:-1\" \/>\n<link rel=\"canonical\" href=\"https:\/\/esperanzavalparaiso.cl\/web\/historia\/\" \/>\n<meta property=\"og:locale\" content=\"es_ES\" \/>\n<meta property=\"og:type\" content=\"article\" \/>\n<meta property=\"og:title\" content=\"Historia - Colegio Esperanza, Valpara\u00edso\" \/>\n<meta property=\"og:description\" content=\"La instituci\u00f3n nace en 1954, como Escuela 89, ocupando una casa particular y un peque\u00f1o patio, contando con ese entonces con tan solo 6 profesores en aula. Desde su fundaci\u00f3n por Decreto Supremo N\u00b08318\/54, ha sido dirigida por Do\u00f1a Laura Robles Henr\u00edquez, quien fue su primera directora. Al fallecer asume la direcci\u00f3n de la escuela [&hellip;]\" \/>\n<meta property=\"og:url\" content=\"https:\/\/esperanzavalparaiso.cl\/web\/historia\/\" \/>\n<meta property=\"og:site_name\" content=\"Colegio Esperanza, Valpara\u00edso\" \/>\n<meta property=\"article:modified_time\" content=\"2022-08-08T07:26:12+00:00\" \/>\n<meta name=\"twitter:card\" content=\"summary_large_image\" \/>\n<script type=\"application\/ld+json\" class=\"yoast-schema-graph\">{\"@context\":\"https:\\\/\\\/schema.org\",\"@graph\":[{\"@type\":\"WebPage\",\"@id\":\"https:\\\/\\\/esperanzavalparaiso.cl\\\/web\\\/historia\\\/\",\"url\":\"https:\\\/\\\/esperanzavalparaiso.cl\\\/web\\\/historia\\\/\",\"name\":\"Historia - Colegio Esperanza, Valpara\u00edso\",\"isPartOf\":{\"@id\":\"https:\\\/\\\/esperanzavalparaiso.cl\\\/web\\\/#website\"},\"datePublished\":\"2022-06-22T00:30:09+00:00\",\"dateModified\":\"2022-08-08T07:26:12+00:00\",\"breadcrumb\":{\"@id\":\"https:\\\/\\\/esperanzavalparaiso.cl\\\/web\\\/historia\\\/#breadcrumb\"},\"inLanguage\":\"es\",\"potentialAction\":[{\"@type\":\"ReadAction\",\"target\":[\"https:\\\/\\\/esperanzavalparaiso.cl\\\/web\\\/historia\\\/\"]}]},{\"@type\":\"BreadcrumbList\",\"@id\":\"https:\\\/\\\/esperanzavalparaiso.cl\\\/web\\\/historia\\\/#breadcrumb\",\"itemListElement\":[{\"@type\":\"ListItem\",\"position\":1,\"name\":\"Portada\",\"item\":\"https:\\\/\\\/esperanzavalparaiso.cl\\\/web\\\/\"},{\"@type\":\"ListItem\",\"position\":2,\"name\":\"Historia\"}]},{\"@type\":\"WebSite\",\"@id\":\"https:\\\/\\\/esperanzavalparaiso.cl\\\/web\\\/#website\",\"url\":\"https:\\\/\\\/esperanzavalparaiso.cl\\\/web\\\/\",\"name\":\"Colegio Esperanza, Valpara\u00edso\",\"description\":\"Cerro Esperanza, valpara\u00edso. Calidad, excelencia, PIE\",\"publisher\":{\"@id\":\"https:\\\/\\\/esperanzavalparaiso.cl\\\/web\\\/#organization\"},\"potentialAction\":[{\"@type\":\"SearchAction\",\"target\":{\"@type\":\"EntryPoint\",\"urlTemplate\":\"https:\\\/\\\/esperanzavalparaiso.cl\\\/web\\\/?s={search_term_string}\"},\"query-input\":{\"@type\":\"PropertyValueSpecification\",\"valueRequired\":true,\"valueName\":\"search_term_string\"}}],\"inLanguage\":\"es\"},{\"@type\":\"Organization\",\"@id\":\"https:\\\/\\\/esperanzavalparaiso.cl\\\/web\\\/#organization\",\"name\":\"Colegio Esperanza, Valpara\u00edso\",\"url\":\"https:\\\/\\\/esperanzavalparaiso.cl\\\/web\\\/\",\"logo\":{\"@type\":\"ImageObject\",\"inLanguage\":\"es\",\"@id\":\"https:\\\/\\\/esperanzavalparaiso.cl\\\/web\\\/#\\\/schema\\\/logo\\\/image\\\/\",\"url\":\"https:\\\/\\\/esperanzavalparaiso.cl\\\/web\\\/wp-content\\\/uploads\\\/2022\\\/06\\\/colegio-esperanza-valparaiso-insignia-100x120-1.png\",\"contentUrl\":\"https:\\\/\\\/esperanzavalparaiso.cl\\\/web\\\/wp-content\\\/uploads\\\/2022\\\/06\\\/colegio-esperanza-valparaiso-insignia-100x120-1.png\",\"width\":100,\"height\":120,\"caption\":\"Colegio Esperanza, Valpara\u00edso\"},\"image\":{\"@id\":\"https:\\\/\\\/esperanzavalparaiso.cl\\\/web\\\/#\\\/schema\\\/logo\\\/image\\\/\"}}]}<\/script>\n<!-- \/ Yoast SEO plugin. -->","yoast_head_json":{"title":"Historia - Colegio Esperanza, Valpara\u00edso","robots":{"index":"index","follow":"follow","max-snippet":"max-snippet:-1","max-image-preview":"max-image-preview:large","max-video-preview":"max-video-preview:-1"},"canonical":"https:\/\/esperanzavalparaiso.cl\/web\/historia\/","og_locale":"es_ES","og_type":"article","og_title":"Historia - Colegio Esperanza, Valpara\u00edso","og_description":"La instituci\u00f3n nace en 1954, como Escuela 89, ocupando una casa particular y un peque\u00f1o patio, contando con ese entonces con tan solo 6 profesores en aula. Desde su fundaci\u00f3n por Decreto Supremo N\u00b08318\/54, ha sido dirigida por Do\u00f1a Laura Robles Henr\u00edquez, quien fue su primera directora. Al fallecer asume la direcci\u00f3n de la escuela [&hellip;]","og_url":"https:\/\/esperanzavalparaiso.cl\/web\/historia\/","og_site_name":"Colegio Esperanza, Valpara\u00edso","article_modified_time":"2022-08-08T07:26:12+00:00","twitter_card":"summary_large_image","schema":{"@context":"https:\/\/schema.org","@graph":[{"@type":"WebPage","@id":"https:\/\/esperanzavalparaiso.cl\/web\/historia\/","url":"https:\/\/esperanzavalparaiso.cl\/web\/historia\/","name":"Historia - Colegio Esperanza, Valpara\u00edso","isPartOf":{"@id":"https:\/\/esperanzavalparaiso.cl\/web\/#website"},"datePublished":"2022-06-22T00:30:09+00:00","dateModified":"2022-08-08T07:26:12+00:00","breadcrumb":{"@id":"https:\/\/esperanzavalparaiso.cl\/web\/historia\/#breadcrumb"},"inLanguage":"es","potentialAction":[{"@type":"ReadAction","target":["https:\/\/esperanzavalparaiso.cl\/web\/historia\/"]}]},{"@type":"BreadcrumbList","@id":"https:\/\/esperanzavalparaiso.cl\/web\/historia\/#breadcrumb","itemListElement":[{"@type":"ListItem","position":1,"name":"Portada","item":"https:\/\/esperanzavalparaiso.cl\/web\/"},{"@type":"ListItem","position":2,"name":"Historia"}]},{"@type":"WebSite","@id":"https:\/\/esperanzavalparaiso.cl\/web\/#website","url":"https:\/\/esperanzavalparaiso.cl\/web\/","name":"Colegio Esperanza, Valpara\u00edso","description":"Cerro Esperanza, valpara\u00edso. Calidad, excelencia, PIE","publisher":{"@id":"https:\/\/esperanzavalparaiso.cl\/web\/#organization"},"potentialAction":[{"@type":"SearchAction","target":{"@type":"EntryPoint","urlTemplate":"https:\/\/esperanzavalparaiso.cl\/web\/?s={search_term_string}"},"query-input":{"@type":"PropertyValueSpecification","valueRequired":true,"valueName":"search_term_string"}}],"inLanguage":"es"},{"@type":"Organization","@id":"https:\/\/esperanzavalparaiso.cl\/web\/#organization","name":"Colegio Esperanza, Valpara\u00edso","url":"https:\/\/esperanzavalparaiso.cl\/web\/","logo":{"@type":"ImageObject","inLanguage":"es","@id":"https:\/\/esperanzavalparaiso.cl\/web\/#\/schema\/logo\/image\/","url":"https:\/\/esperanzavalparaiso.cl\/web\/wp-content\/uploads\/2022\/06\/colegio-esperanza-valparaiso-insignia-100x120-1.png","contentUrl":"https:\/\/esperanzavalparaiso.cl\/web\/wp-content\/uploads\/2022\/06\/colegio-esperanza-valparaiso-insignia-100x120-1.png","width":100,"height":120,"caption":"Colegio Esperanza, Valpara\u00edso"},"image":{"@id":"https:\/\/esperanzavalparaiso.cl\/web\/#\/schema\/logo\/image\/"}}]}},"_links":{"self":[{"href":"https:\/\/esperanzavalparaiso.cl\/web\/wp-json\/wp\/v2\/pages\/29","targetHints":{"allow":["GET"]}}],"collection":[{"href":"https:\/\/esperanzavalparaiso.cl\/web\/wp-json\/wp\/v2\/pages"}],"about":[{"href":"https:\/\/esperanzavalparaiso.cl\/web\/wp-json\/wp\/v2\/types\/page"}],"author":[{"embeddable":true,"href":"https:\/\/esperanzavalparaiso.cl\/web\/wp-json\/wp\/v2\/users\/1"}],"replies":[{"embeddable":true,"href":"https:\/\/esperanzavalparaiso.cl\/web\/wp-json\/wp\/v2\/comments?post=29"}],"version-history":[{"count":2,"href":"https:\/\/esperanzavalparaiso.cl\/web\/wp-json\/wp\/v2\/pages\/29\/revisions"}],"predecessor-version":[{"id":97,"href":"https:\/\/esperanzavalparaiso.cl\/web\/wp-json\/wp\/v2\/pages\/29\/revisions\/97"}],"wp:attachment":[{"href":"https:\/\/esperanzavalparaiso.cl\/web\/wp-json\/wp\/v2\/media?parent=29"}],"curies":[{"name":"wp","href":"https:\/\/api.w.org\/{rel}","templated":true}]}}